{"id":1103,"date":"2023-10-02T15:34:47","date_gmt":"2023-10-02T13:34:47","guid":{"rendered":"https:\/\/localhost\/WP-Denkmalverein\/?page_id=1103"},"modified":"2023-10-09T11:39:47","modified_gmt":"2023-10-09T09:39:47","slug":"wir-ueber-uns","status":"publish","type":"page","link":"https:\/\/www.denkmalverein-penzberg.de\/?page_id=1103","title":{"rendered":"Wir \u00fcber uns"},"content":{"rendered":"<table class=\"category table table-striped table-bordered table-hover table-noheader\" style=\"height: 210px; width: 95.8847%;\">\n<tbody>\n<tr class=\"cat-list-row0\" style=\"height: 30px;\">\n<td style=\"width: 11.5883%; height: 30px;\"><\/td>\n<td class=\"list-title\" style=\"width: 270.995%; height: 30px;\" headers=\"categorylist_header_title\"><span style=\"font-size: 20px;\"><a href=\"https:\/\/www.denkmalverein-penzberg.de\/?p=524\">1 &#8211; Begr\u00fc\u00dfung<\/a><\/span><\/td>\n<\/tr>\n<tr class=\"cat-list-row1\" style=\"height: 30px;\">\n<td style=\"width: 11.5883%; height: 30px;\"><\/td>\n<td class=\"list-title\" style=\"width: 270.995%; height: 30px;\" headers=\"categorylist_header_title\"><span style=\"font-size: 20px;\"><a href=\"https:\/\/www.denkmalverein-penzberg.de\/?p=527\"> 2 &#8211; Wir \u00fcber uns <\/a><\/span><\/td>\n<\/tr>\n<tr class=\"cat-list-row0\" style=\"height: 30px;\">\n<td style=\"width: 11.5883%; height: 30px;\"><\/td>\n<td class=\"list-title\" style=\"width: 270.995%; height: 30px;\" headers=\"categorylist_header_title\"><span style=\"font-size: 20px;\"><a href=\"https:\/\/www.denkmalverein-penzberg.de\/?p=659\"> 3 &#8211; Satzung <\/a><\/span><\/td>\n<\/tr>\n<tr class=\"cat-list-row1\" style=\"height: 30px;\">\n<td style=\"width: 11.5883%; height: 30px;\"><\/td>\n<td class=\"list-title\" style=\"width: 270.995%; height: 30px;\" headers=\"categorylist_header_title\"><span style=\"font-size: 20px;\"><a href=\"https:\/\/www.denkmalverein-penzberg.de\/?p=665\"> 4 &#8211; Beitrittserkl\u00e4rung <\/a><\/span><\/td>\n<\/tr>\n<tr class=\"cat-list-row0\" style=\"height: 30px;\">\n<td style=\"width: 11.5883%; height: 30px;\"><\/td>\n<td class=\"list-title\" style=\"width: 270.995%; height: 30px;\" headers=\"categorylist_header_title\"><span style=\"font-size: 20px;\"><a href=\"https:\/\/www.denkmalverein-penzberg.de\/?p=682\"> 5 &#8211; Teilnahmebedingungen <\/a><\/span><\/td>\n<\/tr>\n<tr class=\"cat-list-row1\" style=\"height: 30px;\">\n<td style=\"width: 11.5883%; height: 30px;\"><\/td>\n<td class=\"list-title\" style=\"width: 270.995%; height: 30px;\" headers=\"categorylist_header_title\"><span style=\"font-size: 20px;\"><a href=\"https:\/\/www.denkmalverein-penzberg.de\/?p=727\"> 6 &#8211; Vereinsentstehung um den Staltacher Hof <\/a><\/span><\/td>\n<\/tr>\n<tr class=\"cat-list-row0\" style=\"height: 30px;\">\n<td style=\"width: 11.5883%; height: 30px;\"><\/td>\n<td class=\"list-title\" style=\"width: 270.995%; height: 30px;\" headers=\"categorylist_header_title\"><span style=\"font-size: 20px;\"><a href=\"https:\/\/www.denkmalverein-penzberg.de\/?p=954\"> 7 &#8211; Zur Benutzung unserer Homepage <\/a><\/span><\/td>\n<\/tr>\n<\/tbody>\n<\/table>\n","protected":false},"excerpt":{"rendered":"<p>1 &#8211; Begr\u00fc\u00dfung 2 &#8211; Wir \u00fcber uns 3 &#8211; Satzung 4 &#8211; Beitrittserkl\u00e4rung 5 &#8211; Teilnahmebedingungen 6 &#8211; Vereinsentstehung um den Staltacher Hof 7&hellip;<\/p>\n","protected":false},"author":1,"featured_media":0,"parent":0,"menu_order":0,"comment_status":"closed","ping_status":"closed","template":"","meta":{"footnotes":""},"class_list":["post-1103","page","type-page","status-publish","hentry"],"aioseo_notices":[],"_links":{"self":[{"href":"https:\/\/www.denkmalverein-penzberg.de\/index.php?rest_route=\/wp\/v2\/pages\/1103","targetHints":{"allow":["GET"]}}],"collection":[{"href":"https:\/\/www.denkmalverein-penzberg.de\/index.php?rest_route=\/wp\/v2\/pages"}],"about":[{"href":"https:\/\/www.denkmalverein-penzberg.de\/index.php?rest_route=\/wp\/v2\/types\/page"}],"author":[{"embeddable":true,"href":"https:\/\/www.denkmalverein-penzberg.de\/index.php?rest_route=\/wp\/v2\/users\/1"}],"replies":[{"embeddable":true,"href":"https:\/\/www.denkmalverein-penzberg.de\/index.php?rest_route=%2Fwp%2Fv2%2Fcomments&post=1103"}],"version-history":[{"count":0,"href":"https:\/\/www.denkmalverein-penzberg.de\/index.php?rest_route=\/wp\/v2\/pages\/1103\/revisions"}],"wp:attachment":[{"href":"https:\/\/www.denkmalverein-penzberg.de\/index.php?rest_route=%2Fwp%2Fv2%2Fmedia&parent=1103"}],"curies":[{"name":"wp","href":"https:\/\/api.w.org\/{rel}","templated":true}]}}